{"id":1311,"date":"2019-04-01T15:05:11","date_gmt":"2019-04-01T13:05:11","guid":{"rendered":"http:\/\/www.bonajuto.it\/product\/cinnamon-chocolate\/"},"modified":"2026-05-03T14:23:59","modified_gmt":"2026-05-03T12:23:59","slug":"cinnamon-chocolate","status":"publish","type":"product","link":"https:\/\/www.bonajuto.it\/en\/prodotto\/cinnamon-chocolate\/","title":{"rendered":"Cinnamon Chocolate"},"content":{"rendered":"<p>Available in the traditional 100g format, Cinnamon and Vanilla chocolate bars were the first two products made by Antica Dolceria Bonajuto. The flavour and aroma of cinnamon combines majestically with the cocoa. Just like Vanilla, the Cinnamon version is one of the sweetest chocolate bars in the range and still comes in the original red wrapper of days gone by. <\/p>\n","protected":false},"excerpt":{"rendered":"<p>Available in the traditional 100g format, Cinnamon and Vanilla chocolate bars were the first two products made by Antica Dolceria Bonajuto. <\/p>\n","protected":false},"featured_media":1390,"comment_status":"closed","ping_status":"closed","template":"","meta":{"_acf_changed":false},"product_brand":[],"product_cat":[1081,1104],"product_tag":[],"class_list":["item","p1 first-row","col-xs-6","col-sm-3","col-md-3","col-lg-3","product","","instock","purchasable","product-type-simple"],"acf":[],"yoast_head":"<!-- This site is optimized with the Yoast SEO plugin v26.8 - https:\/\/yoast.com\/product\/yoast-seo-wordpress\/ -->\n<title>Cioccolato alla Cannella - Antica Dolceria Bonajuto: a Modica dal 1880<\/title>\n<meta name=\"description\" content=\"Il cioccolato alla cannella Cannella \u00e8 una delle due prime tavolette dell\u2019Antica Dolceria Bonajuto. Il sapore e il profumo della Cannella si abbinano al...\" \/>\n<meta name=\"robots\" content=\"index, follow, max-snippet:-1, max-image-preview:large, max-video-preview:-1\" \/>\n<link rel=\"canonical\" href=\"https:\/\/www.bonajuto.it\/prodotto\/cioccolato-cannella\/\" \/>\n<meta property=\"og:locale\" content=\"en_US\" \/>\n<meta property=\"og:type\" content=\"article\" \/>\n<meta property=\"og:title\" content=\"Cioccolato Bonajuto alla Cannella - Antica Dolceria Bonajuto: a Modica dal 1880\" \/>\n<meta property=\"og:description\" content=\"Il cioccolato alla cannella Cannella \u00e8 una delle due prime tavolette dell\u2019Antica Dolceria Bonajuto. Il sapore e il profumo della Cannella si abbinano magistralmente al cacao ed \u00e8 tra le tavolette pi\u00f9 dolci. Ancora oggi conserva la storica confezione che in questo caso \u00e8 di colore rosso.\" \/>\n<meta property=\"og:url\" content=\"https:\/\/www.bonajuto.it\/prodotto\/cioccolato-cannella\/\" \/>\n<meta property=\"og:site_name\" content=\"Antica Dolceria Bonajuto\" \/>\n<meta property=\"article:publisher\" content=\"https:\/\/www.facebook.com\/bonajuto\" \/>\n<meta property=\"article:modified_time\" content=\"2026-05-03T12:23:59+00:00\" \/>\n<meta property=\"og:image\" content=\"https:\/\/www.bonajuto.it\/wp-content\/uploads\/2016\/12\/cioccolato-cannella-incarto-1.jpg\" \/>\n\t<meta property=\"og:image:width\" content=\"800\" \/>\n\t<meta property=\"og:image:height\" content=\"800\" \/>\n\t<meta property=\"og:image:type\" content=\"image\/jpeg\" \/>\n<meta name=\"twitter:card\" content=\"summary_large_image\" \/>\n<meta name=\"twitter:title\" content=\"Cioccolato Bonajuto alla Cannella - Antica Dolceria Bonajuto: a Modica dal 1880\" \/>\n<meta name=\"twitter:description\" content=\"Il cioccolato alla cannella Cannella \u00e8 una delle due prime tavolette dell\u2019Antica Dolceria Bonajuto. Il sapore e il profumo della Cannella si abbinano magistralmente al cacao ed \u00e8 tra le tavolette pi\u00f9 dolci. Ancora oggi conserva la storica confezione che in questo caso \u00e8 di colore rosso.\" \/>\n<meta name=\"twitter:site\" content=\"@bonajuto\" \/>\n<script type=\"application\/ld+json\" class=\"yoast-schema-graph\">{\"@context\":\"https:\/\/schema.org\",\"@graph\":[{\"@type\":\"WebPage\",\"@id\":\"https:\/\/www.bonajuto.it\/prodotto\/cioccolato-cannella\/\",\"url\":\"https:\/\/www.bonajuto.it\/prodotto\/cioccolato-cannella\/\",\"name\":\"Cioccolato alla Cannella - Antica Dolceria Bonajuto: a Modica dal 1880\",\"isPartOf\":{\"@id\":\"https:\/\/www.bonajuto.it\/#website\"},\"primaryImageOfPage\":{\"@id\":\"https:\/\/www.bonajuto.it\/prodotto\/cioccolato-cannella\/#primaryimage\"},\"image\":{\"@id\":\"https:\/\/www.bonajuto.it\/prodotto\/cioccolato-cannella\/#primaryimage\"},\"thumbnailUrl\":\"https:\/\/www.bonajuto.it\/wp-content\/uploads\/2016\/12\/cioccolato-cannella-incarto-1.jpg\",\"datePublished\":\"2019-04-01T13:05:11+00:00\",\"dateModified\":\"2026-05-03T12:23:59+00:00\",\"description\":\"Il cioccolato alla cannella Cannella \u00e8 una delle due prime tavolette dell\u2019Antica Dolceria Bonajuto. Il sapore e il profumo della Cannella si abbinano al...\",\"breadcrumb\":{\"@id\":\"https:\/\/www.bonajuto.it\/prodotto\/cioccolato-cannella\/#breadcrumb\"},\"inLanguage\":\"en-US\",\"potentialAction\":[{\"@type\":\"ReadAction\",\"target\":[\"https:\/\/www.bonajuto.it\/prodotto\/cioccolato-cannella\/\"]}]},{\"@type\":\"ImageObject\",\"inLanguage\":\"en-US\",\"@id\":\"https:\/\/www.bonajuto.it\/prodotto\/cioccolato-cannella\/#primaryimage\",\"url\":\"https:\/\/www.bonajuto.it\/wp-content\/uploads\/2016\/12\/cioccolato-cannella-incarto-1.jpg\",\"contentUrl\":\"https:\/\/www.bonajuto.it\/wp-content\/uploads\/2016\/12\/cioccolato-cannella-incarto-1.jpg\",\"width\":800,\"height\":800},{\"@type\":\"BreadcrumbList\",\"@id\":\"https:\/\/www.bonajuto.it\/prodotto\/cioccolato-cannella\/#breadcrumb\",\"itemListElement\":[{\"@type\":\"ListItem\",\"position\":1,\"name\":\"Homepage\",\"item\":\"https:\/\/www.bonajuto.it\/en\/\"},{\"@type\":\"ListItem\",\"position\":2,\"name\":\"Our products\",\"item\":\"https:\/\/www.bonajuto.it\/en\/our-products\/\"},{\"@type\":\"ListItem\",\"position\":3,\"name\":\"Chocolate\",\"item\":\"https:\/\/www.bonajuto.it\/en\/categoria-prodotto\/chocolate\/\"},{\"@type\":\"ListItem\",\"position\":4,\"name\":\"Cinnamon Chocolate\"}]},{\"@type\":\"WebSite\",\"@id\":\"https:\/\/www.bonajuto.it\/#website\",\"url\":\"https:\/\/www.bonajuto.it\/\",\"name\":\"Antica Dolceria Bonajuto\",\"description\":\"Modica, Sicilia\",\"publisher\":{\"@id\":\"https:\/\/www.bonajuto.it\/#organization\"},\"potentialAction\":[{\"@type\":\"SearchAction\",\"target\":{\"@type\":\"EntryPoint\",\"urlTemplate\":\"https:\/\/www.bonajuto.it\/?s={search_term_string}\"},\"query-input\":{\"@type\":\"PropertyValueSpecification\",\"valueRequired\":true,\"valueName\":\"search_term_string\"}}],\"inLanguage\":\"en-US\"},{\"@type\":\"Organization\",\"@id\":\"https:\/\/www.bonajuto.it\/#organization\",\"name\":\"Antica Dolceria Bonajuto\",\"url\":\"https:\/\/www.bonajuto.it\/\",\"logo\":{\"@type\":\"ImageObject\",\"inLanguage\":\"en-US\",\"@id\":\"https:\/\/www.bonajuto.it\/#\/schema\/logo\/image\/\",\"url\":\"https:\/\/www.bonajuto.it\/wp-content\/uploads\/2016\/11\/logo-header-email-woocommerce.png\",\"contentUrl\":\"https:\/\/www.bonajuto.it\/wp-content\/uploads\/2016\/11\/logo-header-email-woocommerce.png\",\"width\":160,\"height\":130,\"caption\":\"Antica Dolceria Bonajuto\"},\"image\":{\"@id\":\"https:\/\/www.bonajuto.it\/#\/schema\/logo\/image\/\"},\"sameAs\":[\"https:\/\/www.facebook.com\/bonajuto\",\"https:\/\/x.com\/bonajuto\",\"https:\/\/www.instagram.com\/bonajuto\",\"https:\/\/www.youtube.com\/user\/bonajuto\"]}]}<\/script>\n<!-- \/ Yoast SEO plugin. -->","yoast_head_json":{"title":"Cioccolato alla Cannella - Antica Dolceria Bonajuto: a Modica dal 1880","description":"Il cioccolato alla cannella Cannella \u00e8 una delle due prime tavolette dell\u2019Antica Dolceria Bonajuto. Il sapore e il profumo della Cannella si abbinano al...","robots":{"index":"index","follow":"follow","max-snippet":"max-snippet:-1","max-image-preview":"max-image-preview:large","max-video-preview":"max-video-preview:-1"},"canonical":"https:\/\/www.bonajuto.it\/prodotto\/cioccolato-cannella\/","og_locale":"en_US","og_type":"article","og_title":"Cioccolato Bonajuto alla Cannella - Antica Dolceria Bonajuto: a Modica dal 1880","og_description":"Il cioccolato alla cannella Cannella \u00e8 una delle due prime tavolette dell\u2019Antica Dolceria Bonajuto. Il sapore e il profumo della Cannella si abbinano magistralmente al cacao ed \u00e8 tra le tavolette pi\u00f9 dolci. Ancora oggi conserva la storica confezione che in questo caso \u00e8 di colore rosso.","og_url":"https:\/\/www.bonajuto.it\/prodotto\/cioccolato-cannella\/","og_site_name":"Antica Dolceria Bonajuto","article_publisher":"https:\/\/www.facebook.com\/bonajuto","article_modified_time":"2026-05-03T12:23:59+00:00","og_image":[{"width":800,"height":800,"url":"https:\/\/www.bonajuto.it\/wp-content\/uploads\/2016\/12\/cioccolato-cannella-incarto-1.jpg","type":"image\/jpeg"}],"twitter_card":"summary_large_image","twitter_title":"Cioccolato Bonajuto alla Cannella - Antica Dolceria Bonajuto: a Modica dal 1880","twitter_description":"Il cioccolato alla cannella Cannella \u00e8 una delle due prime tavolette dell\u2019Antica Dolceria Bonajuto. Il sapore e il profumo della Cannella si abbinano magistralmente al cacao ed \u00e8 tra le tavolette pi\u00f9 dolci. Ancora oggi conserva la storica confezione che in questo caso \u00e8 di colore rosso.","twitter_site":"@bonajuto","schema":{"@context":"https:\/\/schema.org","@graph":[{"@type":"WebPage","@id":"https:\/\/www.bonajuto.it\/prodotto\/cioccolato-cannella\/","url":"https:\/\/www.bonajuto.it\/prodotto\/cioccolato-cannella\/","name":"Cioccolato alla Cannella - Antica Dolceria Bonajuto: a Modica dal 1880","isPartOf":{"@id":"https:\/\/www.bonajuto.it\/#website"},"primaryImageOfPage":{"@id":"https:\/\/www.bonajuto.it\/prodotto\/cioccolato-cannella\/#primaryimage"},"image":{"@id":"https:\/\/www.bonajuto.it\/prodotto\/cioccolato-cannella\/#primaryimage"},"thumbnailUrl":"https:\/\/www.bonajuto.it\/wp-content\/uploads\/2016\/12\/cioccolato-cannella-incarto-1.jpg","datePublished":"2019-04-01T13:05:11+00:00","dateModified":"2026-05-03T12:23:59+00:00","description":"Il cioccolato alla cannella Cannella \u00e8 una delle due prime tavolette dell\u2019Antica Dolceria Bonajuto. Il sapore e il profumo della Cannella si abbinano al...","breadcrumb":{"@id":"https:\/\/www.bonajuto.it\/prodotto\/cioccolato-cannella\/#breadcrumb"},"inLanguage":"en-US","potentialAction":[{"@type":"ReadAction","target":["https:\/\/www.bonajuto.it\/prodotto\/cioccolato-cannella\/"]}]},{"@type":"ImageObject","inLanguage":"en-US","@id":"https:\/\/www.bonajuto.it\/prodotto\/cioccolato-cannella\/#primaryimage","url":"https:\/\/www.bonajuto.it\/wp-content\/uploads\/2016\/12\/cioccolato-cannella-incarto-1.jpg","contentUrl":"https:\/\/www.bonajuto.it\/wp-content\/uploads\/2016\/12\/cioccolato-cannella-incarto-1.jpg","width":800,"height":800},{"@type":"BreadcrumbList","@id":"https:\/\/www.bonajuto.it\/prodotto\/cioccolato-cannella\/#breadcrumb","itemListElement":[{"@type":"ListItem","position":1,"name":"Homepage","item":"https:\/\/www.bonajuto.it\/en\/"},{"@type":"ListItem","position":2,"name":"Our products","item":"https:\/\/www.bonajuto.it\/en\/our-products\/"},{"@type":"ListItem","position":3,"name":"Chocolate","item":"https:\/\/www.bonajuto.it\/en\/categoria-prodotto\/chocolate\/"},{"@type":"ListItem","position":4,"name":"Cinnamon Chocolate"}]},{"@type":"WebSite","@id":"https:\/\/www.bonajuto.it\/#website","url":"https:\/\/www.bonajuto.it\/","name":"Antica Dolceria Bonajuto","description":"Modica, Sicilia","publisher":{"@id":"https:\/\/www.bonajuto.it\/#organization"},"potentialAction":[{"@type":"SearchAction","target":{"@type":"EntryPoint","urlTemplate":"https:\/\/www.bonajuto.it\/?s={search_term_string}"},"query-input":{"@type":"PropertyValueSpecification","valueRequired":true,"valueName":"search_term_string"}}],"inLanguage":"en-US"},{"@type":"Organization","@id":"https:\/\/www.bonajuto.it\/#organization","name":"Antica Dolceria Bonajuto","url":"https:\/\/www.bonajuto.it\/","logo":{"@type":"ImageObject","inLanguage":"en-US","@id":"https:\/\/www.bonajuto.it\/#\/schema\/logo\/image\/","url":"https:\/\/www.bonajuto.it\/wp-content\/uploads\/2016\/11\/logo-header-email-woocommerce.png","contentUrl":"https:\/\/www.bonajuto.it\/wp-content\/uploads\/2016\/11\/logo-header-email-woocommerce.png","width":160,"height":130,"caption":"Antica Dolceria Bonajuto"},"image":{"@id":"https:\/\/www.bonajuto.it\/#\/schema\/logo\/image\/"},"sameAs":["https:\/\/www.facebook.com\/bonajuto","https:\/\/x.com\/bonajuto","https:\/\/www.instagram.com\/bonajuto","https:\/\/www.youtube.com\/user\/bonajuto"]}]}},"_links":{"self":[{"href":"https:\/\/www.bonajuto.it\/en\/wp-json\/wp\/v2\/product\/1311","targetHints":{"allow":["GET"]}}],"collection":[{"href":"https:\/\/www.bonajuto.it\/en\/wp-json\/wp\/v2\/product"}],"about":[{"href":"https:\/\/www.bonajuto.it\/en\/wp-json\/wp\/v2\/types\/product"}],"replies":[{"embeddable":true,"href":"https:\/\/www.bonajuto.it\/en\/wp-json\/wp\/v2\/comments?post=1311"}],"wp:featuredmedia":[{"embeddable":true,"href":"https:\/\/www.bonajuto.it\/en\/wp-json\/wp\/v2\/media\/1390"}],"wp:attachment":[{"href":"https:\/\/www.bonajuto.it\/en\/wp-json\/wp\/v2\/media?parent=1311"}],"wp:term":[{"taxonomy":"product_brand","embeddable":true,"href":"https:\/\/www.bonajuto.it\/en\/wp-json\/wp\/v2\/product_brand?post=1311"},{"taxonomy":"product_cat","embeddable":true,"href":"https:\/\/www.bonajuto.it\/en\/wp-json\/wp\/v2\/product_cat?post=1311"},{"taxonomy":"product_tag","embeddable":true,"href":"https:\/\/www.bonajuto.it\/en\/wp-json\/wp\/v2\/product_tag?post=1311"}],"curies":[{"name":"wp","href":"https:\/\/api.w.org\/{rel}","templated":true}]}}